{"id":20,"date":"2025-11-19T12:58:29","date_gmt":"2025-11-19T12:58:29","guid":{"rendered":"https:\/\/trolltyg.se\/?page_id=20"},"modified":"2026-01-12T12:55:39","modified_gmt":"2026-01-12T12:55:39","slug":"startsida","status":"publish","type":"page","link":"https:\/\/trolltyg.se\/","title":{"rendered":"Startsida"},"content":{"rendered":"\t\t<div data-elementor-type=\"wp-page\" data-elementor-id=\"20\" class=\"elementor elementor-20\">\n\t\t\t\t<div class=\"elementor-element elementor-element-6ae4f10 e-flex e-con-boxed e-con e-parent\" data-id=\"6ae4f10\" data-element_type=\"container\" data-settings=\"{&quot;background_background&quot;:&quot;classic&quot;}\">\n\t\t\t\t\t<div class=\"e-con-inner\">\n\t\t<div class=\"elementor-element elementor-element-10685b7 e-con-full e-flex e-con e-child\" data-id=\"10685b7\" data-element_type=\"container\">\n\t\t\t\t<div class=\"elementor-element elementor-element-7ce8a04 elementor-widget elementor-widget-heading\" data-id=\"7ce8a04\" data-element_type=\"widget\" data-widget_type=\"heading.default\">\n\t\t\t\t\t<h1 class=\"elementor-heading-title elementor-size-default\">V\u00e4lkommen till Trolltyg!<\/h1>\t\t\t\t<\/div>\n\t\t\t\t<div class=\"elementor-element elementor-element-6e62e32 elementor-widget__width-initial elementor-widget elementor-widget-text-editor\" data-id=\"6e62e32\" data-element_type=\"widget\" data-widget_type=\"text-editor.default\">\n\t\t\t\t\t\t\t\t\t<p>Vi kan guide:a dig n\u00e4r du ska k\u00f6pa textiler, tyger, symaskiner eller inredning.<\/p>\t\t\t\t\t\t\t\t<\/div>\n\t\t\t\t<\/div>\n\t\t\t\t\t<\/div>\n\t\t\t\t<\/div>\n\t\t<div class=\"elementor-element elementor-element-df63510 e-flex e-con-boxed e-con e-parent\" data-id=\"df63510\" data-element_type=\"container\">\n\t\t\t\t\t<div class=\"e-con-inner\">\n\t\t<div class=\"elementor-element elementor-element-f4998b3 e-con-full e-flex e-con e-child\" data-id=\"f4998b3\" data-element_type=\"container\" data-settings=\"{&quot;background_background&quot;:&quot;classic&quot;}\">\n\t\t\t\t<div class=\"elementor-element elementor-element-57d488c elementor-widget elementor-widget-heading\" data-id=\"57d488c\" data-element_type=\"widget\" data-widget_type=\"heading.default\">\n\t\t\t\t\t<h2 class=\"elementor-heading-title elementor-size-default\">Om trolltyg.se<\/h2>\t\t\t\t<\/div>\n\t\t\t\t<div class=\"elementor-element elementor-element-6b1ef01 elementor-widget elementor-widget-text-editor\" data-id=\"6b1ef01\" data-element_type=\"widget\" data-widget_type=\"text-editor.default\">\n\t\t\t\t\t\t\t\t\t<p>Trolltyg.se \u00e4r platsen f\u00f6r dig som uppskattar mode och inredning med omsorgsfullt utvald kvalitet. Vi guidar dig n\u00e4r du vill k\u00f6pa textilier, tyger, symaskiner eller inredningsdetaljer, och delar g\u00e4rna med oss av v\u00e5r kunskap och v\u00e5ra erfarenheter. H\u00e4r hittar du inspiration som bygger p\u00e5 b\u00e5de klassiska uttryck och moderna influenser, sammansatt p\u00e5 ett s\u00e4tt som k\u00e4nns personligt och genomt\u00e4nkt.<\/p>\t\t\t\t\t\t\t\t<\/div>\n\t\t\t\t<\/div>\n\t\t<div class=\"elementor-element elementor-element-9931a96 e-con-full e-flex e-con e-child\" data-id=\"9931a96\" data-element_type=\"container\">\n\t\t\t\t<div class=\"elementor-element elementor-element-3d162d3 elementor-widget elementor-widget-image\" data-id=\"3d162d3\" data-element_type=\"widget\" data-widget_type=\"image.default\">\n\t\t\t\t\t\t\t\t\t\t\t\t\t\t\t<img fetchpriority=\"high\" decoding=\"async\" width=\"819\" height=\"1024\" src=\"https:\/\/trolltyg.se\/wp-content\/uploads\/2026\/01\/marcus-loke-xXJ6utyoSw0-unsplash-819x1024.jpg\" class=\"attachment-large size-large wp-image-265\" alt=\"\" srcset=\"https:\/\/trolltyg.se\/wp-content\/uploads\/2026\/01\/marcus-loke-xXJ6utyoSw0-unsplash-819x1024.jpg 819w, https:\/\/trolltyg.se\/wp-content\/uploads\/2026\/01\/marcus-loke-xXJ6utyoSw0-unsplash-240x300.jpg 240w, https:\/\/trolltyg.se\/wp-content\/uploads\/2026\/01\/marcus-loke-xXJ6utyoSw0-unsplash-768x960.jpg 768w, https:\/\/trolltyg.se\/wp-content\/uploads\/2026\/01\/marcus-loke-xXJ6utyoSw0-unsplash-1229x1536.jpg 1229w, https:\/\/trolltyg.se\/wp-content\/uploads\/2026\/01\/marcus-loke-xXJ6utyoSw0-unsplash-1638x2048.jpg 1638w, https:\/\/trolltyg.se\/wp-content\/uploads\/2026\/01\/marcus-loke-xXJ6utyoSw0-unsplash-scaled.jpg 2048w\" sizes=\"(max-width: 819px) 100vw, 819px\" \/>\t\t\t\t\t\t\t\t\t\t\t\t\t\t\t<\/div>\n\t\t\t\t<\/div>\n\t\t<div class=\"elementor-element elementor-element-c3c98b5 e-con-full e-flex e-con e-child\" data-id=\"c3c98b5\" data-element_type=\"container\">\n\t\t\t\t<div class=\"elementor-element elementor-element-32ffe02 elementor-widget elementor-widget-image\" data-id=\"32ffe02\" data-element_type=\"widget\" data-widget_type=\"image.default\">\n\t\t\t\t\t\t\t\t\t\t\t\t\t\t\t<img decoding=\"async\" width=\"683\" height=\"1024\" src=\"https:\/\/trolltyg.se\/wp-content\/uploads\/2026\/01\/keriliwi-8KjP3GGZC0s-unsplash-683x1024.jpg\" class=\"attachment-large size-large wp-image-267\" alt=\"\" srcset=\"https:\/\/trolltyg.se\/wp-content\/uploads\/2026\/01\/keriliwi-8KjP3GGZC0s-unsplash-683x1024.jpg 683w, https:\/\/trolltyg.se\/wp-content\/uploads\/2026\/01\/keriliwi-8KjP3GGZC0s-unsplash-200x300.jpg 200w, https:\/\/trolltyg.se\/wp-content\/uploads\/2026\/01\/keriliwi-8KjP3GGZC0s-unsplash-768x1152.jpg 768w, https:\/\/trolltyg.se\/wp-content\/uploads\/2026\/01\/keriliwi-8KjP3GGZC0s-unsplash-1024x1536.jpg 1024w, https:\/\/trolltyg.se\/wp-content\/uploads\/2026\/01\/keriliwi-8KjP3GGZC0s-unsplash-1365x2048.jpg 1365w, https:\/\/trolltyg.se\/wp-content\/uploads\/2026\/01\/keriliwi-8KjP3GGZC0s-unsplash-scaled.jpg 1707w\" sizes=\"(max-width: 683px) 100vw, 683px\" \/>\t\t\t\t\t\t\t\t\t\t\t\t\t\t\t<\/div>\n\t\t\t\t<\/div>\n\t\t<div class=\"elementor-element elementor-element-554a5a1 e-con-full e-flex e-con e-child\" data-id=\"554a5a1\" data-element_type=\"container\" data-settings=\"{&quot;background_background&quot;:&quot;classic&quot;}\">\n\t\t\t\t<div class=\"elementor-element elementor-element-164ea55 elementor-widget elementor-widget-heading\" data-id=\"164ea55\" data-element_type=\"widget\" data-widget_type=\"heading.default\">\n\t\t\t\t\t<h2 class=\"elementor-heading-title elementor-size-default\">Nyheter i mode- och inredningsbranschen<\/h2>\t\t\t\t<\/div>\n\t\t\t\t<div class=\"elementor-element elementor-element-ca4148c elementor-widget elementor-widget-text-editor\" data-id=\"ca4148c\" data-element_type=\"widget\" data-widget_type=\"text-editor.default\">\n\t\t\t\t\t\t\t\t\t<p data-start=\"1516\" data-end=\"1887\">Vi lyfter s\u00e5dant som k\u00e4nns relevant \u00f6ver tid snarare \u00e4n snabba trender. Genom att h\u00e5lla dig uppdaterad vill vi ge inspiration som g\u00e5r att oms\u00e4tta i vardagen, oavsett om du \u00e4r ute efter sm\u00e5 f\u00f6r\u00e4ndringar eller st\u00f6rre id\u00e9er. Nyhetssektionen \u00e4r t\u00e4nkt som ett levande inslag d\u00e4r du kan ta del av branschens utveckling och hitta nya infallsvinklar till b\u00e5de mode och inredning.<\/p>\t\t\t\t\t\t\t\t<\/div>\n\t\t\t\t<div class=\"elementor-element elementor-element-e1f7ce1 elementor-widget elementor-widget-button\" data-id=\"e1f7ce1\" data-element_type=\"widget\" data-widget_type=\"button.default\">\n\t\t\t\t\t\t\t\t\t\t<a class=\"elementor-button elementor-button-link elementor-size-sm\" href=\"\/?page_id=103\">\n\t\t\t\t\t\t<span class=\"elementor-button-content-wrapper\">\n\t\t\t\t\t\t\t\t\t<span class=\"elementor-button-text\">Nyheter<\/span>\n\t\t\t\t\t<\/span>\n\t\t\t\t\t<\/a>\n\t\t\t\t\t\t\t\t<\/div>\n\t\t\t\t<\/div>\n\t\t\t\t\t<\/div>\n\t\t\t\t<\/div>\n\t\t\t\t<\/div>\n\t\t","protected":false},"excerpt":{"rendered":"<p>V\u00e4lkommen till Trolltyg! Vi kan guide:a dig n\u00e4r du ska k\u00f6pa textiler, tyger, symaskiner eller inredning. Om trolltyg.se Trolltyg.se \u00e4r [&hellip;]<\/p>\n","protected":false},"author":1,"featured_media":0,"parent":0,"menu_order":0,"comment_status":"closed","ping_status":"closed","template":"elementor_header_footer","meta":{"site-sidebar-layout":"no-sidebar","site-content-layout":"","ast-site-content-layout":"full-width-container","site-content-style":"unboxed","site-sidebar-style":"unboxed","ast-global-header-display":"","ast-banner-title-visibility":"","ast-main-header-display":"","ast-hfb-above-header-display":"","ast-hfb-below-header-display":"","ast-hfb-mobile-header-display":"","site-post-title":"disabled","ast-breadcrumbs-content":"","ast-featured-img":"disabled","footer-sml-layout":"","theme-transparent-header-meta":"default","adv-header-id-meta":"","stick-header-meta":"","header-above-stick-meta":"","header-main-stick-meta":"","header-below-stick-meta":"","astra-migrate-meta-layouts":"default","ast-page-background-enabled":"default","ast-page-background-meta":{"desktop":{"background-color":"var(--ast-global-color-5)","background-image":"","background-repeat":"repeat","background-position":"center center","background-size":"auto","background-attachment":"scroll","background-type":"","background-media":"","overlay-type":"","overlay-color":"","overlay-opacity":"","overlay-gradient":""},"tablet":{"background-color":"","background-image":"","background-repeat":"repeat","background-position":"center center","background-size":"auto","background-attachment":"scroll","background-type":"","background-media":"","overlay-type":"","overlay-color":"","overlay-opacity":"","overlay-gradient":""},"mobile":{"background-color":"","background-image":"","background-repeat":"repeat","background-position":"center center","background-size":"auto","background-attachment":"scroll","background-type":"","background-media":"","overlay-type":"","overlay-color":"","overlay-opacity":"","overlay-gradient":""}},"ast-content-background-meta":{"desktop":{"background-color":"var(--ast-global-color-4)","background-image":"","background-repeat":"repeat","background-position":"center center","background-size":"auto","background-attachment":"scroll","background-type":"","background-media":"","overlay-type":"","overlay-color":"","overlay-opacity":"","overlay-gradient":""},"tablet":{"background-color":"var(--ast-global-color-4)","background-image":"","background-repeat":"repeat","background-position":"center center","background-size":"auto","background-attachment":"scroll","background-type":"","background-media":"","overlay-type":"","overlay-color":"","overlay-opacity":"","overlay-gradient":""},"mobile":{"background-color":"var(--ast-global-color-4)","background-image":"","background-repeat":"repeat","background-position":"center center","background-size":"auto","background-attachment":"scroll","background-type":"","background-media":"","overlay-type":"","overlay-color":"","overlay-opacity":"","overlay-gradient":""}},"footnotes":""},"class_list":["post-20","page","type-page","status-publish","hentry"],"_links":{"self":[{"href":"https:\/\/trolltyg.se\/index.php?rest_route=\/wp\/v2\/pages\/20","targetHints":{"allow":["GET"]}}],"collection":[{"href":"https:\/\/trolltyg.se\/index.php?rest_route=\/wp\/v2\/pages"}],"about":[{"href":"https:\/\/trolltyg.se\/index.php?rest_route=\/wp\/v2\/types\/page"}],"author":[{"embeddable":true,"href":"https:\/\/trolltyg.se\/index.php?rest_route=\/wp\/v2\/users\/1"}],"replies":[{"embeddable":true,"href":"https:\/\/trolltyg.se\/index.php?rest_route=%2Fwp%2Fv2%2Fcomments&post=20"}],"version-history":[{"count":67,"href":"https:\/\/trolltyg.se\/index.php?rest_route=\/wp\/v2\/pages\/20\/revisions"}],"predecessor-version":[{"id":287,"href":"https:\/\/trolltyg.se\/index.php?rest_route=\/wp\/v2\/pages\/20\/revisions\/287"}],"wp:attachment":[{"href":"https:\/\/trolltyg.se\/index.php?rest_route=%2Fwp%2Fv2%2Fmedia&parent=20"}],"curies":[{"name":"wp","href":"https:\/\/api.w.org\/{rel}","templated":true}]}}