{"id":103,"date":"2025-11-19T14:37:24","date_gmt":"2025-11-19T14:37:24","guid":{"rendered":"https:\/\/trolltyg.se\/?page_id=103"},"modified":"2026-01-12T13:19:31","modified_gmt":"2026-01-12T13:19:31","slug":"nyheter","status":"publish","type":"page","link":"https:\/\/trolltyg.se\/?page_id=103","title":{"rendered":"Nyheter"},"content":{"rendered":"\t\t<div data-elementor-type=\"wp-page\" data-elementor-id=\"103\" class=\"elementor elementor-103\">\n\t\t\t\t<div class=\"elementor-element elementor-element-6ae4f10 e-flex e-con-boxed e-con e-parent\" data-id=\"6ae4f10\" data-element_type=\"container\" data-settings=\"{&quot;background_background&quot;:&quot;classic&quot;}\">\n\t\t\t\t\t<div class=\"e-con-inner\">\n\t\t<div class=\"elementor-element elementor-element-10685b7 e-con-full e-flex e-con e-child\" data-id=\"10685b7\" data-element_type=\"container\">\n\t\t\t\t<div class=\"elementor-element elementor-element-7ce8a04 elementor-widget elementor-widget-heading\" data-id=\"7ce8a04\" data-element_type=\"widget\" data-widget_type=\"heading.default\">\n\t\t\t\t\t<h1 class=\"elementor-heading-title elementor-size-default\">Nyheter<\/h1>\t\t\t\t<\/div>\n\t\t\t\t<\/div>\n\t\t\t\t\t<\/div>\n\t\t\t\t<\/div>\n\t\t<div class=\"elementor-element elementor-element-dcd45a9 e-flex e-con-boxed e-con e-parent\" data-id=\"dcd45a9\" data-element_type=\"container\">\n\t\t\t\t\t<div class=\"e-con-inner\">\n\t\t\t\t<div class=\"elementor-element elementor-element-439457c elementor-grid-eael-col-3 elementor-grid-tablet-eael-col-2 elementor-grid-mobile-eael-col-1 elementor-widget elementor-widget-eael-post-grid\" data-id=\"439457c\" data-element_type=\"widget\" data-settings=\"{&quot;eael_post_grid_columns&quot;:&quot;eael-col-3&quot;,&quot;eael_post_grid_columns_tablet&quot;:&quot;eael-col-2&quot;,&quot;eael_post_grid_columns_mobile&quot;:&quot;eael-col-1&quot;}\" data-widget_type=\"eael-post-grid.default\">\n\t\t\t\t\t<div id=\"eael-post-grid-439457c\" class=\"eael-post-grid-container\">\n            <div class=\"eael-post-grid eael-post-appender eael-post-appender-439457c eael-post-grid-style-one\" data-layout-mode=\"grid\"><article class=\"eael-grid-post eael-post-grid-column\" data-id=\"151\">\n        <div class=\"eael-grid-post-holder\">\n            <div class=\"eael-grid-post-holder-inner\"><div class=\"eael-entry-media\"><div class=\"eael-entry-overlay fade-in\"><i class=\"fas fa-long-arrow-alt-right\" aria-hidden=\"true\"><\/i><a href=\"https:\/\/trolltyg.se\/?p=151\"><\/a><\/div><div class=\"eael-entry-thumbnail eael-image-ratio\">\n                <img fetchpriority=\"high\" decoding=\"async\" width=\"640\" height=\"427\" src=\"https:\/\/trolltyg.se\/wp-content\/uploads\/2025\/11\/febiyan-hwDGRQzAeM-unsplash.jpg\" class=\"attachment-full size-full wp-image-297\" alt=\"\" srcset=\"https:\/\/trolltyg.se\/wp-content\/uploads\/2025\/11\/febiyan-hwDGRQzAeM-unsplash.jpg 640w, https:\/\/trolltyg.se\/wp-content\/uploads\/2025\/11\/febiyan-hwDGRQzAeM-unsplash-300x200.jpg 300w\" sizes=\"(max-width: 640px) 100vw, 640px\" \/>\n            <\/div>\n        <\/div><div class=\"eael-entry-wrapper\"><header class=\"eael-entry-header\"><h2 class=\"eael-entry-title\"><a class=\"eael-grid-post-link\" href=\"https:\/\/trolltyg.se\/?p=151\" title=\"Trendspaning i K\u00f6penhamn\">Trendspaning i K\u00f6penhamn<\/a><\/h2><\/header><div class=\"eael-entry-content\">\n                        <div class=\"eael-grid-post-excerpt\"><p>En snabb inblick i f\u00e4rger, material och uttryck som just...<\/p><a href=\"https:\/\/trolltyg.se\/?p=151\" class=\"eael-post-elements-readmore-btn\">L\u00c4S MER<\/a><\/div>\n                    <\/div><\/div><\/div>\n        <\/div>\n    <\/article><article class=\"eael-grid-post eael-post-grid-column\" data-id=\"149\">\n        <div class=\"eael-grid-post-holder\">\n            <div class=\"eael-grid-post-holder-inner\"><div class=\"eael-entry-media\"><div class=\"eael-entry-overlay fade-in\"><i class=\"fas fa-long-arrow-alt-right\" aria-hidden=\"true\"><\/i><a href=\"https:\/\/trolltyg.se\/?p=149\"><\/a><\/div><div class=\"eael-entry-thumbnail eael-image-ratio\">\n                <img decoding=\"async\" width=\"640\" height=\"643\" src=\"https:\/\/trolltyg.se\/wp-content\/uploads\/2025\/11\/erica-zhou-IHpUgFDn7zU-unsplash-1.jpg\" class=\"attachment-full size-full wp-image-299\" alt=\"\" srcset=\"https:\/\/trolltyg.se\/wp-content\/uploads\/2025\/11\/erica-zhou-IHpUgFDn7zU-unsplash-1.jpg 640w, https:\/\/trolltyg.se\/wp-content\/uploads\/2025\/11\/erica-zhou-IHpUgFDn7zU-unsplash-1-300x300.jpg 300w, https:\/\/trolltyg.se\/wp-content\/uploads\/2025\/11\/erica-zhou-IHpUgFDn7zU-unsplash-1-150x150.jpg 150w\" sizes=\"(max-width: 640px) 100vw, 640px\" \/>\n            <\/div>\n        <\/div><div class=\"eael-entry-wrapper\"><header class=\"eael-entry-header\"><h2 class=\"eael-entry-title\"><a class=\"eael-grid-post-link\" href=\"https:\/\/trolltyg.se\/?p=149\" title=\"I v\u00e4ntans tider\">I v\u00e4ntans tider<\/a><\/h2><\/header><div class=\"eael-entry-content\">\n                        <div class=\"eael-grid-post-excerpt\"><p>Snart fyller vi p\u00e5 med nyheter i butiken och delar...<\/p><a href=\"https:\/\/trolltyg.se\/?p=149\" class=\"eael-post-elements-readmore-btn\">L\u00c4S MER<\/a><\/div>\n                    <\/div><\/div><\/div>\n        <\/div>\n    <\/article><article class=\"eael-grid-post eael-post-grid-column\" data-id=\"147\">\n        <div class=\"eael-grid-post-holder\">\n            <div class=\"eael-grid-post-holder-inner\"><div class=\"eael-entry-media\"><div class=\"eael-entry-overlay fade-in\"><i class=\"fas fa-long-arrow-alt-right\" aria-hidden=\"true\"><\/i><a href=\"https:\/\/trolltyg.se\/?p=147\"><\/a><\/div><div class=\"eael-entry-thumbnail eael-image-ratio\">\n                <img decoding=\"async\" width=\"640\" height=\"853\" src=\"https:\/\/trolltyg.se\/wp-content\/uploads\/2025\/11\/charlota-blunarova-r5xHI_H44aM-unsplash-1.jpg\" class=\"attachment-full size-full wp-image-302\" alt=\"\" srcset=\"https:\/\/trolltyg.se\/wp-content\/uploads\/2025\/11\/charlota-blunarova-r5xHI_H44aM-unsplash-1.jpg 640w, https:\/\/trolltyg.se\/wp-content\/uploads\/2025\/11\/charlota-blunarova-r5xHI_H44aM-unsplash-1-225x300.jpg 225w\" sizes=\"(max-width: 640px) 100vw, 640px\" \/>\n            <\/div>\n        <\/div><div class=\"eael-entry-wrapper\"><header class=\"eael-entry-header\"><h2 class=\"eael-entry-title\"><a class=\"eael-grid-post-link\" href=\"https:\/\/trolltyg.se\/?p=147\" title=\"Nytt kl\u00e4dm\u00e4rke p\u00e5 dam\">Nytt kl\u00e4dm\u00e4rke p\u00e5 dam<\/a><\/h2><\/header><div class=\"eael-entry-content\">\n                        <div class=\"eael-grid-post-excerpt\"><p>Vi presenterar ett nytt damm\u00e4rke som passar v\u00e4l in i...<\/p><a href=\"https:\/\/trolltyg.se\/?p=147\" class=\"eael-post-elements-readmore-btn\">L\u00c4S MER<\/a><\/div>\n                    <\/div><\/div><\/div>\n        <\/div>\n    <\/article><\/div>\n            <div class=\"clearfix\"><\/div>\n        <\/div>\t\t\t\t<\/div>\n\t\t\t\t<div class=\"elementor-element elementor-element-1b3beb2 elementor-widget-divider--view-line elementor-widget elementor-widget-divider\" data-id=\"1b3beb2\" data-element_type=\"widget\" data-widget_type=\"divider.default\">\n\t\t\t\t\t\t\t<div class=\"elementor-divider\">\n\t\t\t<span class=\"elementor-divider-separator\">\n\t\t\t\t\t\t<\/span>\n\t\t<\/div>\n\t\t\t\t\t\t<\/div>\n\t\t\t\t<div class=\"elementor-element elementor-element-0dc7b8a elementor-widget elementor-widget-heading\" data-id=\"0dc7b8a\" data-element_type=\"widget\" data-widget_type=\"heading.default\">\n\t\t\t\t\t<h2 class=\"elementor-heading-title elementor-size-default\">Kontakt och samverkan<\/h2>\t\t\t\t<\/div>\n\t\t\t\t<div class=\"elementor-element elementor-element-7f43116 elementor-widget__width-initial elementor-widget elementor-widget-text-editor\" data-id=\"7f43116\" data-element_type=\"widget\" data-widget_type=\"text-editor.default\">\n\t\t\t\t\t\t\t\t\t<p data-start=\"710\" data-end=\"820\">Vi v\u00e4lkomnar fr\u00e5gor fr\u00e5n b\u00e5de privatpersoner och samarbetspartners. Tillsammans skapar vi en plats d\u00e4r mode och inredning f\u00e5r ta form genom inspiration, kunskap och personliga m\u00f6ten.<\/p>\t\t\t\t\t\t\t\t<\/div>\n\t\t\t\t<div class=\"elementor-element elementor-element-8c24a53 elementor-widget elementor-widget-button\" data-id=\"8c24a53\" data-element_type=\"widget\" data-widget_type=\"button.default\">\n\t\t\t\t\t\t\t\t\t\t<a class=\"elementor-button elementor-button-link elementor-size-sm\" href=\"\/?page_id=92\">\n\t\t\t\t\t\t<span class=\"elementor-button-content-wrapper\">\n\t\t\t\t\t\t\t\t\t<span class=\"elementor-button-text\">Kontakta oss<\/span>\n\t\t\t\t\t<\/span>\n\t\t\t\t\t<\/a>\n\t\t\t\t\t\t\t\t<\/div>\n\t\t\t\t\t<\/div>\n\t\t\t\t<\/div>\n\t\t\t\t<\/div>\n\t\t","protected":false},"excerpt":{"rendered":"<p>Nyheter Nya volont\u00e4rer g\u00f6r att fler hundar f\u00e5r en tryggare omplacering Under h\u00f6sten har vi f\u00e5tt flera nya volont\u00e4rer som [&hellip;]<\/p>\n","protected":false},"author":1,"featured_media":0,"parent":0,"menu_order":0,"comment_status":"closed","ping_status":"closed","template":"elementor_header_footer","meta":{"site-sidebar-layout":"no-sidebar","site-content-layout":"","ast-site-content-layout":"full-width-container","site-content-style":"unboxed","site-sidebar-style":"unboxed","ast-global-header-display":"","ast-banner-title-visibility":"","ast-main-header-display":"","ast-hfb-above-header-display":"","ast-hfb-below-header-display":"","ast-hfb-mobile-header-display":"","site-post-title":"disabled","ast-breadcrumbs-content":"","ast-featured-img":"disabled","footer-sml-layout":"","theme-transparent-header-meta":"default","adv-header-id-meta":"","stick-header-meta":"","header-above-stick-meta":"","header-main-stick-meta":"","header-below-stick-meta":"","astra-migrate-meta-layouts":"default","ast-page-background-enabled":"default","ast-page-background-meta":{"desktop":{"background-color":"var(--ast-global-color-5)","background-image":"","background-repeat":"repeat","background-position":"center center","background-size":"auto","background-attachment":"scroll","background-type":"","background-media":"","overlay-type":"","overlay-color":"","overlay-opacity":"","overlay-gradient":""},"tablet":{"background-color":"","background-image":"","background-repeat":"repeat","background-position":"center center","background-size":"auto","background-attachment":"scroll","background-type":"","background-media":"","overlay-type":"","overlay-color":"","overlay-opacity":"","overlay-gradient":""},"mobile":{"background-color":"","background-image":"","background-repeat":"repeat","background-position":"center center","background-size":"auto","background-attachment":"scroll","background-type":"","background-media":"","overlay-type":"","overlay-color":"","overlay-opacity":"","overlay-gradient":""}},"ast-content-background-meta":{"desktop":{"background-color":"var(--ast-global-color-4)","background-image":"","background-repeat":"repeat","background-position":"center center","background-size":"auto","background-attachment":"scroll","background-type":"","background-media":"","overlay-type":"","overlay-color":"","overlay-opacity":"","overlay-gradient":""},"tablet":{"background-color":"var(--ast-global-color-4)","background-image":"","background-repeat":"repeat","background-position":"center center","background-size":"auto","background-attachment":"scroll","background-type":"","background-media":"","overlay-type":"","overlay-color":"","overlay-opacity":"","overlay-gradient":""},"mobile":{"background-color":"var(--ast-global-color-4)","background-image":"","background-repeat":"repeat","background-position":"center center","background-size":"auto","background-attachment":"scroll","background-type":"","background-media":"","overlay-type":"","overlay-color":"","overlay-opacity":"","overlay-gradient":""}},"footnotes":""},"class_list":["post-103","page","type-page","status-publish","hentry"],"_links":{"self":[{"href":"https:\/\/trolltyg.se\/index.php?rest_route=\/wp\/v2\/pages\/103","targetHints":{"allow":["GET"]}}],"collection":[{"href":"https:\/\/trolltyg.se\/index.php?rest_route=\/wp\/v2\/pages"}],"about":[{"href":"https:\/\/trolltyg.se\/index.php?rest_route=\/wp\/v2\/types\/page"}],"author":[{"embeddable":true,"href":"https:\/\/trolltyg.se\/index.php?rest_route=\/wp\/v2\/users\/1"}],"replies":[{"embeddable":true,"href":"https:\/\/trolltyg.se\/index.php?rest_route=%2Fwp%2Fv2%2Fcomments&post=103"}],"version-history":[{"count":26,"href":"https:\/\/trolltyg.se\/index.php?rest_route=\/wp\/v2\/pages\/103\/revisions"}],"predecessor-version":[{"id":296,"href":"https:\/\/trolltyg.se\/index.php?rest_route=\/wp\/v2\/pages\/103\/revisions\/296"}],"wp:attachment":[{"href":"https:\/\/trolltyg.se\/index.php?rest_route=%2Fwp%2Fv2%2Fmedia&parent=103"}],"curies":[{"name":"wp","href":"https:\/\/api.w.org\/{rel}","templated":true}]}}