{"id":58,"date":"2025-11-19T13:37:48","date_gmt":"2025-11-19T13:37:48","guid":{"rendered":"https:\/\/trolltyg.se\/?page_id=58"},"modified":"2026-01-12T12:59:10","modified_gmt":"2026-01-12T12:59:10","slug":"mode","status":"publish","type":"page","link":"http:\/\/trolltyg.se\/?page_id=58","title":{"rendered":"Mode"},"content":{"rendered":"\t\t<div data-elementor-type=\"wp-page\" data-elementor-id=\"58\" class=\"elementor elementor-58\">\n\t\t\t\t<div class=\"elementor-element elementor-element-6ae4f10 e-flex e-con-boxed e-con e-parent\" data-id=\"6ae4f10\" data-element_type=\"container\" data-settings=\"{&quot;background_background&quot;:&quot;classic&quot;}\">\n\t\t\t\t\t<div class=\"e-con-inner\">\n\t\t<div class=\"elementor-element elementor-element-10685b7 e-con-full e-flex e-con e-child\" data-id=\"10685b7\" data-element_type=\"container\">\n\t\t\t\t<div class=\"elementor-element elementor-element-7ce8a04 elementor-widget elementor-widget-heading\" data-id=\"7ce8a04\" data-element_type=\"widget\" data-widget_type=\"heading.default\">\n\t\t\t\t\t<h1 class=\"elementor-heading-title elementor-size-default\">Mode p\u00e5 Trolltyg<\/h1>\t\t\t\t<\/div>\n\t\t\t\t<div class=\"elementor-element elementor-element-68dcd6d elementor-widget elementor-widget-heading\" data-id=\"68dcd6d\" data-element_type=\"widget\" data-widget_type=\"heading.default\">\n\t\t\t\t\t<h2 class=\"elementor-heading-title elementor-size-default\">Hos Trolltyg m\u00f6ts personligt utvalda plagg, skor och accessoarer f\u00f6r dam och herr. Vi fokuserar p\u00e5 kvalitet, form och s\u00e5dant som h\u00e5ller \u00f6ver tid.<\/h2>\t\t\t\t<\/div>\n\t\t\t\t<\/div>\n\t\t\t\t\t<\/div>\n\t\t\t\t<\/div>\n\t\t<div class=\"elementor-element elementor-element-df63510 e-flex e-con-boxed e-con e-parent\" data-id=\"df63510\" data-element_type=\"container\">\n\t\t\t\t\t<div class=\"e-con-inner\">\n\t\t<div class=\"elementor-element elementor-element-f4998b3 e-con-full e-flex e-con e-child\" data-id=\"f4998b3\" data-element_type=\"container\" data-settings=\"{&quot;background_background&quot;:&quot;classic&quot;}\">\n\t\t\t\t<div class=\"elementor-element elementor-element-57d488c elementor-widget elementor-widget-heading\" data-id=\"57d488c\" data-element_type=\"widget\" data-widget_type=\"heading.default\">\n\t\t\t\t\t<h2 class=\"elementor-heading-title elementor-size-default\">Noggrant utvalt sortiment<\/h2>\t\t\t\t<\/div>\n\t\t\t\t<div class=\"elementor-element elementor-element-6b1ef01 elementor-widget elementor-widget-text-editor\" data-id=\"6b1ef01\" data-element_type=\"widget\" data-widget_type=\"text-editor.default\">\n\t\t\t\t\t\t\t\t\t<p>I v\u00e5r modeavdelning hittar du v\u00e4lk\u00e4nda varum\u00e4rken tillsammans med mer nischade favoriter. Vi tar inte in hela kollektioner, utan v\u00e4ljer ut det vi sj\u00e4lva tycker fungerar b\u00e4st i vardagen, b\u00e5de i uttryck och passform. Resultatet \u00e4r ett sortiment som k\u00e4nns genomt\u00e4nkt, anv\u00e4ndbart och l\u00e4tt att kombinera.<\/p>\t\t\t\t\t\t\t\t<\/div>\n\t\t\t\t<\/div>\n\t\t<div class=\"elementor-element elementor-element-9931a96 e-con-full e-flex e-con e-child\" data-id=\"9931a96\" data-element_type=\"container\">\n\t\t\t\t<div class=\"elementor-element elementor-element-3d162d3 elementor-widget elementor-widget-image\" data-id=\"3d162d3\" data-element_type=\"widget\" data-widget_type=\"image.default\">\n\t\t\t\t\t\t\t\t\t\t\t\t\t\t\t<img fetchpriority=\"high\" decoding=\"async\" width=\"725\" height=\"1024\" src=\"http:\/\/trolltyg.se\/wp-content\/uploads\/2026\/01\/heather-ford-5gkYsrH_ebY-unsplash-725x1024.jpg\" class=\"attachment-large size-large wp-image-276\" alt=\"\" srcset=\"http:\/\/trolltyg.se\/wp-content\/uploads\/2026\/01\/heather-ford-5gkYsrH_ebY-unsplash-725x1024.jpg 725w, http:\/\/trolltyg.se\/wp-content\/uploads\/2026\/01\/heather-ford-5gkYsrH_ebY-unsplash-212x300.jpg 212w, http:\/\/trolltyg.se\/wp-content\/uploads\/2026\/01\/heather-ford-5gkYsrH_ebY-unsplash-768x1085.jpg 768w, http:\/\/trolltyg.se\/wp-content\/uploads\/2026\/01\/heather-ford-5gkYsrH_ebY-unsplash-1087x1536.jpg 1087w, http:\/\/trolltyg.se\/wp-content\/uploads\/2026\/01\/heather-ford-5gkYsrH_ebY-unsplash-1450x2048.jpg 1450w, http:\/\/trolltyg.se\/wp-content\/uploads\/2026\/01\/heather-ford-5gkYsrH_ebY-unsplash-scaled.jpg 1812w\" sizes=\"(max-width: 725px) 100vw, 725px\" \/>\t\t\t\t\t\t\t\t\t\t\t\t\t\t\t<\/div>\n\t\t\t\t<\/div>\n\t\t<div class=\"elementor-element elementor-element-c3c98b5 e-con-full e-flex e-con e-child\" data-id=\"c3c98b5\" data-element_type=\"container\">\n\t\t\t\t<div class=\"elementor-element elementor-element-32ffe02 elementor-widget elementor-widget-image\" data-id=\"32ffe02\" data-element_type=\"widget\" data-widget_type=\"image.default\">\n\t\t\t\t\t\t\t\t\t\t\t\t\t\t\t<img decoding=\"async\" width=\"804\" height=\"1024\" src=\"http:\/\/trolltyg.se\/wp-content\/uploads\/2026\/01\/toni-hukkanen-4dZKJWO42Uk-unsplash-804x1024.jpg\" class=\"attachment-large size-large wp-image-277\" alt=\"\" srcset=\"http:\/\/trolltyg.se\/wp-content\/uploads\/2026\/01\/toni-hukkanen-4dZKJWO42Uk-unsplash-804x1024.jpg 804w, http:\/\/trolltyg.se\/wp-content\/uploads\/2026\/01\/toni-hukkanen-4dZKJWO42Uk-unsplash-235x300.jpg 235w, http:\/\/trolltyg.se\/wp-content\/uploads\/2026\/01\/toni-hukkanen-4dZKJWO42Uk-unsplash-768x979.jpg 768w, http:\/\/trolltyg.se\/wp-content\/uploads\/2026\/01\/toni-hukkanen-4dZKJWO42Uk-unsplash-1205x1536.jpg 1205w, http:\/\/trolltyg.se\/wp-content\/uploads\/2026\/01\/toni-hukkanen-4dZKJWO42Uk-unsplash-1607x2048.jpg 1607w, http:\/\/trolltyg.se\/wp-content\/uploads\/2026\/01\/toni-hukkanen-4dZKJWO42Uk-unsplash-scaled.jpg 2009w\" sizes=\"(max-width: 804px) 100vw, 804px\" \/>\t\t\t\t\t\t\t\t\t\t\t\t\t\t\t<\/div>\n\t\t\t\t<\/div>\n\t\t<div class=\"elementor-element elementor-element-554a5a1 e-con-full e-flex e-con e-child\" data-id=\"554a5a1\" data-element_type=\"container\" data-settings=\"{&quot;background_background&quot;:&quot;classic&quot;}\">\n\t\t\t\t<div class=\"elementor-element elementor-element-164ea55 elementor-widget elementor-widget-heading\" data-id=\"164ea55\" data-element_type=\"widget\" data-widget_type=\"heading.default\">\n\t\t\t\t\t<h2 class=\"elementor-heading-title elementor-size-default\">Inspiration och personlig v\u00e4gledning<\/h2>\t\t\t\t<\/div>\n\t\t\t\t<div class=\"elementor-element elementor-element-ca4148c elementor-widget elementor-widget-text-editor\" data-id=\"ca4148c\" data-element_type=\"widget\" data-widget_type=\"text-editor.default\">\n\t\t\t\t\t\t\t\t\t<p data-start=\"710\" data-end=\"820\">Mode f\u00f6r oss handlar inte bara om kl\u00e4der, utan om helheten. N\u00e4r du bes\u00f6ker Trolltyg f\u00e5r du g\u00e4rna r\u00e5d kring styling, material och hur olika plagg kan anv\u00e4ndas \u00f6ver tid. V\u00e5r ambition \u00e4r att du ska k\u00e4nna dig inspirerad, trygg i ditt val och nyfiken p\u00e5 att prova n\u00e5got nytt.<\/p>\t\t\t\t\t\t\t\t<\/div>\n\t\t\t\t<\/div>\n\t\t\t\t\t<\/div>\n\t\t\t\t<\/div>\n\t\t<div class=\"elementor-element elementor-element-dcd45a9 e-flex e-con-boxed e-con e-parent\" data-id=\"dcd45a9\" data-element_type=\"container\">\n\t\t\t\t\t<div class=\"e-con-inner\">\n\t\t\t\t<div class=\"elementor-element elementor-element-1b3beb2 elementor-widget-divider--view-line elementor-widget elementor-widget-divider\" data-id=\"1b3beb2\" data-element_type=\"widget\" data-widget_type=\"divider.default\">\n\t\t\t\t\t\t\t<div class=\"elementor-divider\">\n\t\t\t<span class=\"elementor-divider-separator\">\n\t\t\t\t\t\t<\/span>\n\t\t<\/div>\n\t\t\t\t\t\t<\/div>\n\t\t\t\t<div class=\"elementor-element elementor-element-0dc7b8a elementor-widget elementor-widget-heading\" data-id=\"0dc7b8a\" data-element_type=\"widget\" data-widget_type=\"heading.default\">\n\t\t\t\t\t<h2 class=\"elementor-heading-title elementor-size-default\">Kontakta oss<\/h2>\t\t\t\t<\/div>\n\t\t\t\t<div class=\"elementor-element elementor-element-7f43116 elementor-widget elementor-widget-text-editor\" data-id=\"7f43116\" data-element_type=\"widget\" data-widget_type=\"text-editor.default\">\n\t\t\t\t\t\t\t\t\t<p data-start=\"710\" data-end=\"820\">Vi v\u00e4lkomnar fr\u00e5gor fr\u00e5n b\u00e5de privatpersoner och samarbetspartners. Tillsammans skapar vi en plats d\u00e4r mode och inredning f\u00e5r ta form genom inspiration, kunskap och personliga m\u00f6ten.<\/p>\t\t\t\t\t\t\t\t<\/div>\n\t\t\t\t<div class=\"elementor-element elementor-element-8c24a53 elementor-widget elementor-widget-button\" data-id=\"8c24a53\" data-element_type=\"widget\" data-widget_type=\"button.default\">\n\t\t\t\t\t\t\t\t\t\t<a class=\"elementor-button elementor-button-link elementor-size-sm\" href=\"\/?page_id=92\">\n\t\t\t\t\t\t<span class=\"elementor-button-content-wrapper\">\n\t\t\t\t\t\t\t\t\t<span class=\"elementor-button-text\">Kontakta oss<\/span>\n\t\t\t\t\t<\/span>\n\t\t\t\t\t<\/a>\n\t\t\t\t\t\t\t\t<\/div>\n\t\t\t\t\t<\/div>\n\t\t\t\t<\/div>\n\t\t\t\t<\/div>\n\t\t","protected":false},"excerpt":{"rendered":"<p>Mode p\u00e5 Trolltyg Hos Trolltyg m\u00f6ts personligt utvalda plagg, skor och accessoarer f\u00f6r dam och herr. Vi fokuserar p\u00e5 kvalitet, [&hellip;]<\/p>\n","protected":false},"author":1,"featured_media":0,"parent":0,"menu_order":0,"comment_status":"closed","ping_status":"closed","template":"elementor_header_footer","meta":{"site-sidebar-layout":"no-sidebar","site-content-layout":"","ast-site-content-layout":"full-width-container","site-content-style":"unboxed","site-sidebar-style":"unboxed","ast-global-header-display":"","ast-banner-title-visibility":"","ast-main-header-display":"","ast-hfb-above-header-display":"","ast-hfb-below-header-display":"","ast-hfb-mobile-header-display":"","site-post-title":"disabled","ast-breadcrumbs-content":"","ast-featured-img":"disabled","footer-sml-layout":"","theme-transparent-header-meta":"default","adv-header-id-meta":"","stick-header-meta":"","header-above-stick-meta":"","header-main-stick-meta":"","header-below-stick-meta":"","astra-migrate-meta-layouts":"default","ast-page-background-enabled":"default","ast-page-background-meta":{"desktop":{"background-color":"var(--ast-global-color-5)","background-image":"","background-repeat":"repeat","background-position":"center center","background-size":"auto","background-attachment":"scroll","background-type":"","background-media":"","overlay-type":"","overlay-color":"","overlay-opacity":"","overlay-gradient":""},"tablet":{"background-color":"","background-image":"","background-repeat":"repeat","background-position":"center center","background-size":"auto","background-attachment":"scroll","background-type":"","background-media":"","overlay-type":"","overlay-color":"","overlay-opacity":"","overlay-gradient":""},"mobile":{"background-color":"","background-image":"","background-repeat":"repeat","background-position":"center center","background-size":"auto","background-attachment":"scroll","background-type":"","background-media":"","overlay-type":"","overlay-color":"","overlay-opacity":"","overlay-gradient":""}},"ast-content-background-meta":{"desktop":{"background-color":"var(--ast-global-color-4)","background-image":"","background-repeat":"repeat","background-position":"center center","background-size":"auto","background-attachment":"scroll","background-type":"","background-media":"","overlay-type":"","overlay-color":"","overlay-opacity":"","overlay-gradient":""},"tablet":{"background-color":"var(--ast-global-color-4)","background-image":"","background-repeat":"repeat","background-position":"center center","background-size":"auto","background-attachment":"scroll","background-type":"","background-media":"","overlay-type":"","overlay-color":"","overlay-opacity":"","overlay-gradient":""},"mobile":{"background-color":"var(--ast-global-color-4)","background-image":"","background-repeat":"repeat","background-position":"center center","background-size":"auto","background-attachment":"scroll","background-type":"","background-media":"","overlay-type":"","overlay-color":"","overlay-opacity":"","overlay-gradient":""}},"footnotes":""},"class_list":["post-58","page","type-page","status-publish","hentry"],"_links":{"self":[{"href":"http:\/\/trolltyg.se\/index.php?rest_route=\/wp\/v2\/pages\/58","targetHints":{"allow":["GET"]}}],"collection":[{"href":"http:\/\/trolltyg.se\/index.php?rest_route=\/wp\/v2\/pages"}],"about":[{"href":"http:\/\/trolltyg.se\/index.php?rest_route=\/wp\/v2\/types\/page"}],"author":[{"embeddable":true,"href":"http:\/\/trolltyg.se\/index.php?rest_route=\/wp\/v2\/users\/1"}],"replies":[{"embeddable":true,"href":"http:\/\/trolltyg.se\/index.php?rest_route=%2Fwp%2Fv2%2Fcomments&post=58"}],"version-history":[{"count":45,"href":"http:\/\/trolltyg.se\/index.php?rest_route=\/wp\/v2\/pages\/58\/revisions"}],"predecessor-version":[{"id":290,"href":"http:\/\/trolltyg.se\/index.php?rest_route=\/wp\/v2\/pages\/58\/revisions\/290"}],"wp:attachment":[{"href":"http:\/\/trolltyg.se\/index.php?rest_route=%2Fwp%2Fv2%2Fmedia&parent=58"}],"curies":[{"name":"wp","href":"https:\/\/api.w.org\/{rel}","templated":true}]}}